{"id":121,"date":"2017-02-22T05:53:24","date_gmt":"2017-02-22T05:53:24","guid":{"rendered":"http:\/\/igrejavitoriosa.org\/?page_id=121"},"modified":"2017-11-22T18:18:06","modified_gmt":"2017-11-22T18:18:06","slug":"discipulado","status":"publish","type":"page","link":"https:\/\/igrejavitoriosa.org\/?page_id=121","title":{"rendered":"DISCIPULADO"},"content":{"rendered":"<p style=\"text-align: justify;\"><span style=\"font-size: 12pt; font-family: helvetica, arial, sans-serif;\">[tab:<strong>Sua Nova Vida em Cristo<\/strong>]<\/span><\/p>\n<p style=\"text-align: justify;\"><span style=\"color: #008080;\"><strong><span style=\"font-size: 12pt; font-family: helvetica, arial, sans-serif;\">E agora que voc\u00ea aceitou a Jesus como\u00a0 seu \u00fanico e suficiente Salvador?<\/span><\/strong><\/span><\/p>\n<p style=\"text-align: justify;\"><span style=\"font-size: 12pt; font-family: helvetica, arial, sans-serif;\">Saiba que voc\u00ea tomou a decis\u00e3o mais importante de sua vida! Agora \u00e9 preciso avan\u00e7ar, dar alguns passos para caminhar rumo a maturidade espiritual e manter sua vida no caminho certo com Cristo.<\/span><\/p>\n<p style=\"text-align: justify;\"><span style=\"font-size: 12pt; font-family: helvetica, arial, sans-serif;\">Saiba que Deus te perdoou e esqueceu seu passado e tem um futuro brilhante \u00e0 sua frente. A b\u00edblia diz em Romanos 8:1 diz que \u201c..<em>n\u00e3o h\u00e1 condena\u00e7\u00e3o para aqueles que est\u00e3o em Cristo Jesus<\/em>.\u201d<\/span><\/p>\n<p style=\"text-align: justify;\"><span style=\"font-size: 12pt; font-family: helvetica, arial, sans-serif;\">Quando vozes de condena\u00e7\u00e3o quiserem te tentar, fazendo voc\u00ea se lembrar do seu passado, n\u00e3o se esque\u00e7a: Deus j\u00e1 n\u00e3o se lembra mais de seu pecado. A Palavra de Deus diz: <em>\u201ce como o Oriente est\u00e1 longe do Ocidente, assim ele afasta para longe de n\u00f3s as nossas transgress\u00f5es\u201d. <\/em>(Sl 103:12)<\/span><\/p>\n<p style=\"text-align: justify;\"><span style=\"font-size: 12pt; font-family: helvetica, arial, sans-serif;\">Saiba que Deus te ama e que Ele n\u00e3o te condena! Por isso, busque viver intensamente o Amor de Deus! Fa\u00e7a hoje um dia de novos come\u00e7os em sua vida e n\u00e3o olhe para tr\u00e1s!<\/span><\/p>\n<p style=\"text-align: justify;\"><span style=\"font-size: 12pt; font-family: helvetica, arial, sans-serif;\">E agora, quais s\u00e3o os pr\u00f3ximos passos?<\/span><\/p>\n<p style=\"text-align: justify;\"><strong><span style=\"font-size: 12pt; font-family: helvetica, arial, sans-serif; color: #008080;\">Siga para o pr\u00f3ximo link e veja os PASSOS PARA CRESCER NA F\u00c9!<\/span><\/strong><\/p>\n<p style=\"text-align: justify;\"><span style=\"font-size: 12pt; font-family: helvetica, arial, sans-serif;\">[tab:<strong>Passos para crescer na f\u00e9<\/strong>]<\/span><\/p>\n<p style=\"text-align: justify;\"><span style=\"font-size: 12pt; font-family: helvetica, arial, sans-serif;\"><span style=\"color: #008080;\"><strong>Primeiro.<\/strong><\/span>\u00a0Deseje ser discipulado! Participe do <strong><span style=\"color: #008080;\">Discipulado Rumo a Maturidade<\/span>.<\/strong> Esta \u00e9 a melhor forma de voc\u00ea <strong>Encontrar Sentido<\/strong> para sua nova vida! Conecte-se o mais r\u00e1pido poss\u00edvel ao discipulado, participe de uma c\u00e9lula, e tenha em seu cora\u00e7\u00e3o Divulgar as Boas Novas que voc\u00ea recebeu, que \u00e9 Jesus, o amor de Deus revelado a n\u00f3s! Expresse esse Amor a outros! Haver\u00e1 uma pessoa que ser\u00e1 o seu Discipulador Pessoal, seu amigo e irm\u00e3o mais velho! Ele te ajudar\u00e1 nesta nova jornada e em cada passo para uma vida transformada e vitoriosa.<\/span><\/p>\n<p style=\"text-align: justify;\"><span style=\"font-size: 12pt; font-family: helvetica, arial, sans-serif;\"><span style=\"color: #008080;\"><strong>Segundo.<\/strong><\/span> \u00a0N\u00f3s o encorajamos a <strong>Conhecer\u00a0<\/strong>mais acerca da sua nova fam\u00edlia! Busque tamb\u00e9m <strong>Crescer<\/strong> no conhecimento da B\u00edblia e Nutrir um relacionamento saud\u00e1vel com Deus, consigo mesmo e com o pr\u00f3ximo por meio dos Princ\u00edpios de Deus para sua vida. Uma forma de aprender a fazer isto \u00e9 participar de <span style=\"color: #008080;\"><strong>Escola de Princ\u00edpios\u00a0<\/strong><\/span>e integrar-se a fam\u00edlia de Deus na terra que \u00e9 Igreja, onde a sua f\u00e9 poder\u00e1 crescer. Cerque-se com outros irm\u00e3os e amigos que v\u00e3o apoi\u00e1-lo (a) nesta nova jornada de f\u00e9. As nossas c\u00e9lulas \u00e9 o modo ideal para isto.\u00a0<\/span><\/p>\n<p style=\"text-align: justify;\"><span style=\"font-size: 12pt; font-family: helvetica, arial, sans-serif;\"><span style=\"color: #008080;\"><strong>Terceiro.<\/strong><\/span> \u00a0Seja apaixonado (a) por Jesus e deseje <strong>Reproduzir<\/strong> e a <strong>Multiplicar<\/strong> o que voc\u00ea tem aprendido! Voc\u00ea ir\u00e1 Avan\u00e7ar nesta nova miss\u00e3o de transforma\u00e7\u00e3o de vidas e crescimento! Uma forma de fazer isto \u00e9 participar da <span style=\"color: #008080;\"><strong>Escola de Excel\u00eancia, <\/strong><span style=\"color: #333333;\">do<\/span><strong> Curso Discipule <\/strong><\/span>e do<span style=\"color: #008080;\"><strong> Curso Avance<\/strong><\/span>\u00a0e a envolver-se nas atividades da igreja, participar ativamente dos estudos e treinamento para l\u00edderes de c\u00e9lula. Busque viver cada passo do Discipulado Rumo a Maturidade que oferecemos para o seu crescimento, onde voc\u00ea ser\u00e1 ensinado (a) sobre os fundamentos de como caminhar rumo a uma vida vitoriosa pautada em amor, princ\u00edpios e excel\u00eancia!<\/span><\/p>\n<p style=\"text-align: justify;\"><span style=\"font-size: 12pt; font-family: helvetica, arial, sans-serif;\">N\u00f3s o (a) incentivamos a trazer seus familiares e amigos a participar dos cultos e eventos da igreja, para que eles possam aprender e crescer na f\u00e9 com voc\u00ea.<\/span><\/p>\n<p style=\"text-align: justify;\"><span style=\"font-size: 12pt; font-family: helvetica, arial, sans-serif;\">Junte-se \u00e0 fam\u00edlia de Deus e descubra as maravilhosas promessas e b\u00ean\u00e7\u00e3os que Jesus tem reservado para voc\u00ea!<\/span><\/p>\n<p style=\"text-align: justify;\"><span style=\"font-size: 12pt; font-family: helvetica, arial, sans-serif;\">[tab:<strong>O DISCIPUALDO Rumo a Maturidade<\/strong>]<\/span><\/p>\n<div>\n<p style=\"text-align: justify;\"><span style=\"font-size: 12pt; font-family: helvetica, arial, sans-serif;\"><span style=\"color: #008080;\"><strong>Discipulado Rumo a Maturidade<\/strong><\/span> \u00e9\u00a0o processo de cuidar dos novos convertidos com o sentido de ensin\u00e1-los e lev\u00e1-los a um estado de maturidade e adulta comunh\u00e3o com Cristo e de servi\u00e7o na Igreja. Enquanto o evangelismo leva a pessoa a aceitar Jesus como Salvador, o discipulado tem o objetivo de levar a pessoa a ter Jesus como Senhor e centro de sua vida.<\/span><\/p>\n<p style=\"text-align: justify;\"><span style=\"font-size: 12pt; font-family: helvetica, arial, sans-serif;\">Discipulado\u00a0\u00e9 ainda o processo de compreens\u00e3o te\u00f3rica e pr\u00e1tica acerca do plano divino que Jesus ensinou aos seus ap\u00f3stolos. Obter a compreens\u00e3o desse plano, que revela toda a vontade de Deus para a vida crist\u00e3, \u00e9 que se denomina discipulado. Trata-se do processo de aprendizagem acerca das leis do Reino de Deus, para se conhecer todo o funcionamento desse Reino. \u00c9 como se algu\u00e9m mudasse para um pa\u00eds totalmente diferente do seu, com um objetivo de l\u00e1 servir em alguma fun\u00e7\u00e3o. L\u00e1 chegando tem que aprender tudo sobre aquele pa\u00eds, quer seja na quest\u00e3o do idioma, das leis, dos costumes, dos h\u00e1bitos alimentares, da maneira de se vestir, etc (Cl 1.13).\u00a0 O discipulado salienta o aprendizado, a pr\u00e1tica e o exerc\u00edcio da viv\u00eancia crist\u00e3 (ressalta-se aqui a import\u00e2ncia da Comunh\u00e3o em Pequenos Grupos). A autodisciplina e o autocontrole s\u00e3o caracter\u00edsticas pr\u00f3prias e sempre constantes dos disc\u00edpulos de Jesus. \u00c9 o que Paulo chamou de \u201cregar\u201d em (1 Co 3.6).<\/span><\/p>\n<p style=\"text-align: justify;\"><span style=\"font-size: 12pt; font-family: helvetica, arial, sans-serif;\">A utiliza\u00e7\u00e3o do discipulado de uma forma crescente e constante, primando sempre pela qualidade, certamente resultar\u00e1 na quantidade de vidas salvas, discipuladas e maduras em Cristo.<\/span><\/p>\n<p style=\"text-align: justify;\"><strong><span style=\"font-size: 12pt; font-family: helvetica, arial, sans-serif; color: #008080;\">PRINC\u00cdPIOS DO DISCIPULADO<\/span><\/strong><\/p>\n<p style=\"text-align: justify;\"><span style=\"font-size: 12pt; font-family: helvetica, arial, sans-serif;\">\u00b7\u00a0\u00a0\u00a0\u00a0\u00a0\u00a0\u00a0\u00a0 Relacionamento com Deus<\/span><\/p>\n<p style=\"text-align: justify;\"><span style=\"font-size: 12pt; font-family: helvetica, arial, sans-serif;\">\u00b7\u00a0\u00a0\u00a0\u00a0\u00a0\u00a0\u00a0\u00a0 Relacionamento consigo mesmo<\/span><\/p>\n<p style=\"text-align: justify;\"><span style=\"font-size: 12pt; font-family: helvetica, arial, sans-serif;\">\u00b7\u00a0\u00a0\u00a0\u00a0\u00a0\u00a0\u00a0\u00a0 Relacionamento com as pessoas<\/span><\/p>\n<p style=\"text-align: justify;\"><span style=\"font-size: 12pt; font-family: helvetica, arial, sans-serif; color: #008080;\">O Discipulado resulta em:<\/span><\/p>\n<p style=\"text-align: justify;\"><span style=\"font-size: 12pt; font-family: helvetica, arial, sans-serif;\">Minist\u00e9rio\u00a0\u2013 \u00a0o discipulado conduzir\u00e1 a pessoa \u00e0 descoberta de dons espirituais e o seu lugar no corpo de Cristo.<\/span><\/p>\n<p style=\"text-align: justify;\"><span style=\"font-size: 12pt; font-family: helvetica, arial, sans-serif;\">Reino\u00a0\u2013 n\u00e3o \u00e9 apenas um programa passageiro ou um novo departamento, \u00e9 a pr\u00e1tica para conduzir vidas ao conhecimento de Cristo e ao crescimento saud\u00e1vel da igreja.<\/span><\/p>\n<p style=\"text-align: justify;\"><span style=\"font-size: 12pt; font-family: helvetica, arial, sans-serif;\">Sacerd\u00f3cio\u00a0\u2013 conduz o crente a viver o seu chamado e a ministrar.<\/span><\/p>\n<p style=\"text-align: justify;\"><span style=\"font-size: 12pt; font-family: helvetica, arial, sans-serif; color: #008080;\">O Discipulado promove os seguintes benef\u00edcios:<\/span><\/p>\n<ul style=\"text-align: justify;\">\n<li><span style=\"font-size: 12pt; font-family: helvetica, arial, sans-serif;\">Vida Espiritual<\/span><\/li>\n<\/ul>\n<p style=\"text-align: justify;\"><span style=\"font-size: 12pt; font-family: helvetica, arial, sans-serif;\">Leva o crist\u00e3o a um relacionamento profundo com Deus.<\/span><\/p>\n<ul style=\"text-align: justify;\">\n<li><span style=\"font-size: 12pt; font-family: helvetica, arial, sans-serif;\">Comunh\u00e3o<\/span><\/li>\n<\/ul>\n<p style=\"text-align: justify;\"><span style=\"font-size: 12pt; font-family: helvetica, arial, sans-serif;\">Cria novos grupos de comunh\u00e3o e integra\u00e7\u00e3o, com pessoas que n\u00e3o se conhecem.<\/span><\/p>\n<ul style=\"text-align: justify;\">\n<li><span style=\"font-size: 12pt; font-family: helvetica, arial, sans-serif;\">Doutrinamento<\/span><\/li>\n<\/ul>\n<p style=\"text-align: justify;\"><span style=\"font-size: 12pt; font-family: helvetica, arial, sans-serif;\">Faz a pessoa mergulhar na B\u00edblia. Ela n\u00e3o fica dependente apenas do pastor ou de um l\u00edder, mas aprende a estudar sozinha, sob a orienta\u00e7\u00e3o do Esp\u00edrito Santo.<\/span><\/p>\n<ul style=\"text-align: justify;\">\n<li><span style=\"font-size: 12pt; font-family: helvetica, arial, sans-serif;\">Conex\u00e3o<\/span><\/li>\n<\/ul>\n<p style=\"text-align: justify;\"><span style=\"font-size: 12pt; font-family: helvetica, arial, sans-serif;\">Proporciona integra\u00e7\u00e3o na igreja \u00e0 medida que faz a pessoa crescer espiritualmente, estudar a B\u00edblia junto a com outras pessoas e querer envolver-se mais com o reino.<\/span><\/p>\n<ul style=\"text-align: justify;\">\n<li><span style=\"font-size: 12pt; font-family: helvetica, arial, sans-serif;\">Compromisso<\/span><\/li>\n<\/ul>\n<p style=\"text-align: justify;\"><span style=\"font-size: 12pt; font-family: helvetica, arial, sans-serif;\">Desafia o crist\u00e3o a envolver-se com Deus e com a sua obra (igreja). Al\u00e9m disso, o discipulado gera um compromisso genu\u00edno de ser usado por Deus, e n\u00e3o envolve a pessoa num ativismo.<\/span><\/p>\n<ul style=\"text-align: justify;\">\n<li><span style=\"font-size: 12pt; font-family: helvetica, arial, sans-serif;\">Dons Espirituais<\/span><\/li>\n<\/ul>\n<p style=\"text-align: justify;\"><span style=\"font-size: 12pt; font-family: helvetica, arial, sans-serif;\">Leva a pessoa a desejar descobrir o seu lugar no \u201ccorpo\u201d. Ela quer saber exatamente o que Deus deseja dela.<\/span><\/p>\n<ul style=\"text-align: justify;\">\n<li><span style=\"font-size: 12pt; font-family: helvetica, arial, sans-serif;\">Fam\u00edlia<\/span><\/li>\n<\/ul>\n<p style=\"text-align: justify;\"><span style=\"font-size: 12pt; font-family: helvetica, arial, sans-serif;\">Desafia a pessoa a fazer ajustes na sua vida pessoal, que beneficiam seu relacionamento familiar. H\u00e1 um fortalecimento dos la\u00e7os familiares a partir de uma compreens\u00e3o pessoal do prop\u00f3sito de Deus.<\/span><\/p>\n<ul style=\"text-align: justify;\">\n<li><span style=\"font-size: 12pt; font-family: helvetica, arial, sans-serif;\">Servi\u00e7o<\/span><\/li>\n<\/ul>\n<p style=\"text-align: justify;\"><span style=\"font-size: 12pt; font-family: helvetica, arial, sans-serif;\">Conduz a pessoa a um processo de treinamento e servi\u00e7o. Ela cresce no conhecimento e deseja colocar seus dons e talentos em pr\u00e1tica a favor de Deus e do pr\u00f3ximo.<\/span><\/p>\n<p style=\"text-align: justify;\"><span style=\"font-size: 12pt; font-family: helvetica, arial, sans-serif;\">O\u00a0Discipulado Rumo a Maturidade\u00a0conduzir\u00e1 as pessoas \u00e0 se tornarem Disc\u00edpulos, L\u00edderes e Ministros aprovados, gerando a descoberta dos dons e, acompanhado de treinamento constante, o discipulado torna cada crente um verdadeiro soldado pronto para a batalha. Ele \u00e9 fortalecido pelo aprendizado da Palavra de Deus e sua aplica\u00e7\u00e3o atrav\u00e9s do discipulado e das c\u00e9lulas, descobrindo seu lugar no ex\u00e9rcito de Cristo e a\u00ed coloca o seu cora\u00e7\u00e3o.<\/span><\/p>\n<p><span style=\"color: #008080;\"><em><strong>#Decida crescer! Participe do Discipulado em nossa igreja!<\/strong><\/em><\/span><\/p>\n<\/div>\n<p><img fetchpriority=\"high\" decoding=\"async\" class=\"alignnone wp-image-140 size-full\" src=\"http:\/\/igrejavitoriosa.org\/wp-content\/uploads\/2017\/02\/imagemescaladalider-e1487745963260.jpg\" alt=\"\" width=\"1024\" height=\"716\" srcset=\"https:\/\/igrejavitoriosa.org\/wp-content\/uploads\/2017\/02\/imagemescaladalider-e1487745963260.jpg 1024w, https:\/\/igrejavitoriosa.org\/wp-content\/uploads\/2017\/02\/imagemescaladalider-e1487745963260-600x420.jpg 600w, https:\/\/igrejavitoriosa.org\/wp-content\/uploads\/2017\/02\/imagemescaladalider-e1487745963260-300x210.jpg 300w, https:\/\/igrejavitoriosa.org\/wp-content\/uploads\/2017\/02\/imagemescaladalider-e1487745963260-768x537.jpg 768w\" sizes=\"(max-width: 1024px) 100vw, 1024px\" \/><\/p>\n","protected":false},"excerpt":{"rendered":"<p>[tab:Sua Nova Vida em Cristo] E agora que voc\u00ea aceitou a Jesus como\u00a0 seu \u00fanico e suficiente Salvador? Saiba que voc\u00ea tomou a decis\u00e3o mais importante de sua vida! Agora \u00e9 preciso avan\u00e7ar, dar alguns passos para caminhar rumo a maturidade espiritual e manter sua vida no caminho certo com Cristo. Saiba que Deus te [&hellip;]<\/p>\n","protected":false},"author":1,"featured_media":140,"parent":0,"menu_order":0,"comment_status":"closed","ping_status":"closed","template":"","meta":{"_monsterinsights_skip_tracking":false,"_monsterinsights_sitenote_active":false,"_monsterinsights_sitenote_note":"","_monsterinsights_sitenote_category":0,"footnotes":""},"class_list":["post-121","page","type-page","status-publish","has-post-thumbnail","hentry"],"_links":{"self":[{"href":"https:\/\/igrejavitoriosa.org\/index.php?rest_route=\/wp\/v2\/pages\/121","targetHints":{"allow":["GET"]}}],"collection":[{"href":"https:\/\/igrejavitoriosa.org\/index.php?rest_route=\/wp\/v2\/pages"}],"about":[{"href":"https:\/\/igrejavitoriosa.org\/index.php?rest_route=\/wp\/v2\/types\/page"}],"author":[{"embeddable":true,"href":"https:\/\/igrejavitoriosa.org\/index.php?rest_route=\/wp\/v2\/users\/1"}],"replies":[{"embeddable":true,"href":"https:\/\/igrejavitoriosa.org\/index.php?rest_route=%2Fwp%2Fv2%2Fcomments&post=121"}],"version-history":[{"count":15,"href":"https:\/\/igrejavitoriosa.org\/index.php?rest_route=\/wp\/v2\/pages\/121\/revisions"}],"predecessor-version":[{"id":617,"href":"https:\/\/igrejavitoriosa.org\/index.php?rest_route=\/wp\/v2\/pages\/121\/revisions\/617"}],"wp:featuredmedia":[{"embeddable":true,"href":"https:\/\/igrejavitoriosa.org\/index.php?rest_route=\/wp\/v2\/media\/140"}],"wp:attachment":[{"href":"https:\/\/igrejavitoriosa.org\/index.php?rest_route=%2Fwp%2Fv2%2Fmedia&parent=121"}],"curies":[{"name":"wp","href":"https:\/\/api.w.org\/{rel}","templated":true}]}}